{"id":544,"date":"2025-03-10T21:06:52","date_gmt":"2025-03-10T21:06:52","guid":{"rendered":"https:\/\/www.intecker.com\/?page_id=544"},"modified":"2026-04-09T15:04:57","modified_gmt":"2026-04-09T15:04:57","slug":"kontakt","status":"publish","type":"page","link":"https:\/\/www.intecker.com\/en\/kontakt\/","title":{"rendered":"Contact"},"content":{"rendered":"<div data-elementor-type=\"wp-page\" data-elementor-id=\"544\" class=\"elementor elementor-544\" data-elementor-post-type=\"page\">\n\t\t\t\t<div class=\"elementor-element elementor-element-8e12db6 e-flex e-con-boxed e-con e-parent\" data-id=\"8e12db6\" data-element_type=\"container\" data-settings=\"{&quot;background_background&quot;:&quot;classic&quot;}\">\n\t\t\t\t\t<div class=\"e-con-inner\">\n\t\t\t\t<div class=\"elementor-element elementor-element-ff9197a elementor-widget elementor-widget-heading\" data-id=\"ff9197a\" data-element_type=\"widget\" data-widget_type=\"heading.default\">\n\t\t\t\t<div class=\"elementor-widget-container\">\n\t\t\t\t\t<h2 class=\"elementor-heading-title elementor-size-default\">Contact<\/h2>\t\t\t\t<\/div>\n\t\t\t\t<\/div>\n\t\t\t\t\t<\/div>\n\t\t\t\t<\/div>\n\t\t<div class=\"elementor-element elementor-element-0733192 e-flex e-con-boxed e-con e-parent\" data-id=\"0733192\" data-element_type=\"container\" data-settings=\"{&quot;background_background&quot;:&quot;classic&quot;}\">\n\t\t\t\t\t<div class=\"e-con-inner\">\n\t\t\t\t<div class=\"elementor-element elementor-element-040554c elementor-widget__width-initial elementor-widget elementor-widget-heading\" data-id=\"040554c\" data-element_type=\"widget\" data-widget_type=\"heading.default\">\n\t\t\t\t<div class=\"elementor-widget-container\">\n\t\t\t\t\t<h2 class=\"elementor-heading-title elementor-size-default\">Contact us<\/h2>\t\t\t\t<\/div>\n\t\t\t\t<\/div>\n\t\t\t\t<div class=\"elementor-element elementor-element-c590640 elementor-widget__width-initial elementor-widget elementor-widget-text-editor\" data-id=\"c590640\" data-element_type=\"widget\" data-widget_type=\"text-editor.default\">\n\t\t\t\t<div class=\"elementor-widget-container\">\n\t\t\t\t\t\t\t\t\t<p>Learn more about our services to discuss project details. Our team is ready to answer your questions and help find optimal solutions tailored to your needs.<\/p>\t\t\t\t\t\t\t\t<\/div>\n\t\t\t\t<\/div>\n\t\t\t\t\t<\/div>\n\t\t\t\t<\/div>\n\t\t<div class=\"elementor-element elementor-element-89304e5 e-flex e-con-boxed e-con e-parent\" data-id=\"89304e5\" data-element_type=\"container\" data-settings=\"{&quot;background_background&quot;:&quot;classic&quot;}\">\n\t\t\t\t\t<div class=\"e-con-inner\">\n\t\t\t\t<div class=\"elementor-element elementor-element-049232e elementor-widget-divider--view-line elementor-widget elementor-widget-divider\" data-id=\"049232e\" data-element_type=\"widget\" data-widget_type=\"divider.default\">\n\t\t\t\t<div class=\"elementor-widget-container\">\n\t\t\t\t\t\t\t<div class=\"elementor-divider\">\n\t\t\t<span class=\"elementor-divider-separator\">\n\t\t\t\t\t\t<\/span>\n\t\t<\/div>\n\t\t\t\t\t\t<\/div>\n\t\t\t\t<\/div>\n\t\t\t\t\t<\/div>\n\t\t\t\t<\/div>\n\t\t<div class=\"elementor-element elementor-element-c53001e e-flex e-con-boxed e-con e-parent\" data-id=\"c53001e\" data-element_type=\"container\" data-settings=\"{&quot;background_background&quot;:&quot;classic&quot;}\">\n\t\t\t\t\t<div class=\"e-con-inner\">\n\t\t<div class=\"elementor-element elementor-element-dc2c800 e-con-full e-flex e-con e-child\" data-id=\"dc2c800\" data-element_type=\"container\">\n\t\t\t\t<div class=\"elementor-element elementor-element-dd99c64 elementor-widget elementor-widget-heading\" data-id=\"dd99c64\" data-element_type=\"widget\" data-widget_type=\"heading.default\">\n\t\t\t\t<div class=\"elementor-widget-container\">\n\t\t\t\t\t<h2 class=\"elementor-heading-title elementor-size-default\">Management \/ Projects<\/h2>\t\t\t\t<\/div>\n\t\t\t\t<\/div>\n\t\t\t\t<\/div>\n\t\t<div class=\"elementor-element elementor-element-2f268a6 e-con-full e-flex e-con e-child\" data-id=\"2f268a6\" data-element_type=\"container\">\n\t\t<div class=\"elementor-element elementor-element-5a29b59 e-con-full e-flex e-con e-child\" data-id=\"5a29b59\" data-element_type=\"container\" data-settings=\"{&quot;background_background&quot;:&quot;classic&quot;}\">\n\t\t\t\t<\/div>\n\t\t\t\t<div class=\"elementor-element elementor-element-f3f66ff elementor-widget elementor-widget-heading\" data-id=\"f3f66ff\" data-element_type=\"widget\" data-widget_type=\"heading.default\">\n\t\t\t\t<div class=\"elementor-widget-container\">\n\t\t\t\t\t<h2 class=\"elementor-heading-title elementor-size-default\">Maciej Teus\u200b<\/h2>\t\t\t\t<\/div>\n\t\t\t\t<\/div>\n\t\t\t\t<div class=\"elementor-element elementor-element-dd8abc4 elementor-widget elementor-widget-text-editor\" data-id=\"dd8abc4\" data-element_type=\"widget\" data-widget_type=\"text-editor.default\">\n\t\t\t\t<div class=\"elementor-widget-container\">\n\t\t\t\t\t\t\t\t\t<p>Machine installations at clients sites, maintenance, and servicing. &nbsp;<br><strong>+48 503 960 528<\/strong><br><strong>m.teus@intecker.pl<\/strong><\/p>\t\t\t\t\t\t\t\t<\/div>\n\t\t\t\t<\/div>\n\t\t\t\t<\/div>\n\t\t<div class=\"elementor-element elementor-element-883e98f e-con-full e-flex e-con e-child\" data-id=\"883e98f\" data-element_type=\"container\">\n\t\t<div class=\"elementor-element elementor-element-2d31e01 e-con-full e-flex e-con e-child\" data-id=\"2d31e01\" data-element_type=\"container\" data-settings=\"{&quot;background_background&quot;:&quot;classic&quot;}\">\n\t\t\t\t<\/div>\n\t\t\t\t<div class=\"elementor-element elementor-element-62f6b20 elementor-widget elementor-widget-heading\" data-id=\"62f6b20\" data-element_type=\"widget\" data-widget_type=\"heading.default\">\n\t\t\t\t<div class=\"elementor-widget-container\">\n\t\t\t\t\t<h2 class=\"elementor-heading-title elementor-size-default\">Jakub \u0141aga<\/h2>\t\t\t\t<\/div>\n\t\t\t\t<\/div>\n\t\t\t\t<div class=\"elementor-element elementor-element-4d8e57e elementor-widget elementor-widget-text-editor\" data-id=\"4d8e57e\" data-element_type=\"widget\" data-widget_type=\"text-editor.default\">\n\t\t\t\t<div class=\"elementor-widget-container\">\n\t\t\t\t\t\t\t\t\t<p class=\"translation-block\">Industrial line installations<br>and machine relocations.<br><strong>+48 661 349 904<\/strong><br><strong>j.laga@intecker.pl<\/strong><\/p>\t\t\t\t\t\t\t\t<\/div>\n\t\t\t\t<\/div>\n\t\t\t\t<\/div>\n\t\t<div class=\"elementor-element elementor-element-2166f30 e-con-full e-flex e-con e-child\" data-id=\"2166f30\" data-element_type=\"container\">\n\t\t<div class=\"elementor-element elementor-element-0e09034 e-con-full e-flex e-con e-child\" data-id=\"0e09034\" data-element_type=\"container\" data-settings=\"{&quot;background_background&quot;:&quot;classic&quot;}\">\n\t\t\t\t<\/div>\n\t\t\t\t<div class=\"elementor-element elementor-element-a618b41 elementor-widget elementor-widget-heading\" data-id=\"a618b41\" data-element_type=\"widget\" data-widget_type=\"heading.default\">\n\t\t\t\t<div class=\"elementor-widget-container\">\n\t\t\t\t\t<h2 class=\"elementor-heading-title elementor-size-default\">Dawid Mas\u0142owski<\/h2>\t\t\t\t<\/div>\n\t\t\t\t<\/div>\n\t\t\t\t<div class=\"elementor-element elementor-element-8e987f8 elementor-widget elementor-widget-text-editor\" data-id=\"8e987f8\" data-element_type=\"widget\" data-widget_type=\"text-editor.default\">\n\t\t\t\t<div class=\"elementor-widget-container\">\n\t\t\t\t\t\t\t\t\t<p>CNC machining, design, production.&nbsp;&nbsp;<br><strong>+48 608 202 752<\/strong><br><strong>d.maslowski@intecker.pl<\/strong><\/p>\t\t\t\t\t\t\t\t<\/div>\n\t\t\t\t<\/div>\n\t\t\t\t<\/div>\n\t\t\t\t\t<\/div>\n\t\t\t\t<\/div>\n\t\t<div class=\"elementor-element elementor-element-01c7686 e-flex e-con-boxed e-con e-parent\" data-id=\"01c7686\" data-element_type=\"container\" data-settings=\"{&quot;background_background&quot;:&quot;classic&quot;}\">\n\t\t\t\t\t<div class=\"e-con-inner\">\n\t\t<div class=\"elementor-element elementor-element-fd327ee e-con-full e-flex e-con e-child\" data-id=\"fd327ee\" data-element_type=\"container\">\n\t\t\t\t<div class=\"elementor-element elementor-element-4c9ef56 elementor-widget elementor-widget-heading\" data-id=\"4c9ef56\" data-element_type=\"widget\" data-widget_type=\"heading.default\">\n\t\t\t\t<div class=\"elementor-widget-container\">\n\t\t\t\t\t<h2 class=\"elementor-heading-title elementor-size-default\">Vertrieb Deutschland, \u00d6sterreich, Schweiz<\/h2>\t\t\t\t<\/div>\n\t\t\t\t<\/div>\n\t\t\t\t<\/div>\n\t\t<div class=\"elementor-element elementor-element-bc43941 e-con-full e-flex e-con e-child\" data-id=\"bc43941\" data-element_type=\"container\">\n\t\t<div class=\"elementor-element elementor-element-00857fe e-con-full e-flex e-con e-child\" data-id=\"00857fe\" data-element_type=\"container\" data-settings=\"{&quot;background_background&quot;:&quot;classic&quot;}\">\n\t\t\t\t<\/div>\n\t\t\t\t<div class=\"elementor-element elementor-element-4aa8dde elementor-widget elementor-widget-heading\" data-id=\"4aa8dde\" data-element_type=\"widget\" data-widget_type=\"heading.default\">\n\t\t\t\t<div class=\"elementor-widget-container\">\n\t\t\t\t\t<h2 class=\"elementor-heading-title elementor-size-default\">Philipp Pilat<\/h2>\t\t\t\t<\/div>\n\t\t\t\t<\/div>\n\t\t\t\t<div class=\"elementor-element elementor-element-4721501 elementor-widget elementor-widget-text-editor\" data-id=\"4721501\" data-element_type=\"widget\" data-widget_type=\"text-editor.default\">\n\t\t\t\t<div class=\"elementor-widget-container\">\n\t\t\t\t\t\t\t\t\t<p>Vertriebsmitarbeiter DACH<br><strong>+49 159 \/ 06302236<\/strong><br><strong>p.pilat@intecker.pl<\/strong><\/p>\t\t\t\t\t\t\t\t<\/div>\n\t\t\t\t<\/div>\n\t\t\t\t<\/div>\n\t\t<div class=\"elementor-element elementor-element-57b196b e-con-full e-flex e-con e-child\" data-id=\"57b196b\" data-element_type=\"container\">\n\t\t\t\t<\/div>\n\t\t<div class=\"elementor-element elementor-element-2b6a722 e-con-full e-flex e-con e-child\" data-id=\"2b6a722\" data-element_type=\"container\">\n\t\t\t\t<\/div>\n\t\t\t\t\t<\/div>\n\t\t\t\t<\/div>\n\t\t<div class=\"elementor-element elementor-element-849a84f e-flex e-con-boxed e-con e-parent\" data-id=\"849a84f\" data-element_type=\"container\">\n\t\t\t\t\t<div class=\"e-con-inner\">\n\t\t<div class=\"elementor-element elementor-element-86b12a9 e-con-full e-flex e-con e-child\" data-id=\"86b12a9\" data-element_type=\"container\">\n\t\t<div class=\"elementor-element elementor-element-fdc7fc6 e-con-full e-flex e-con e-child\" data-id=\"fdc7fc6\" data-element_type=\"container\">\n\t\t\t\t<div class=\"elementor-element elementor-element-c5fc42f elementor-widget elementor-widget-text-editor\" data-id=\"c5fc42f\" data-element_type=\"widget\" data-widget_type=\"text-editor.default\">\n\t\t\t\t<div class=\"elementor-widget-container\">\n\t\t\t\t\t\t\t\t\t<p><b>Working hours<br><\/b>Monday \u2013 Friday: 8:00 AM \u2013 5:00 PM<br>Saturday: 9:00 AM \u2013 3:00 PM<br>Sunday: Closed<\/p><p><b><strong>Contact details<\/strong><br><\/b>Phone: +48 451 616 017<br>E\u2011mail: info@intecker.pl&nbsp;<\/p>\t\t\t\t\t\t\t\t<\/div>\n\t\t\t\t<\/div>\n\t\t\t\t<\/div>\n\t\t<div class=\"elementor-element elementor-element-fad0fd7 e-con-full e-flex e-con e-child\" data-id=\"fad0fd7\" data-element_type=\"container\" data-settings=\"{&quot;background_background&quot;:&quot;classic&quot;}\">\n\t\t\t\t<div class=\"elementor-element elementor-element-1c7e103 elementor-widget elementor-widget-heading\" data-id=\"1c7e103\" data-element_type=\"widget\" data-widget_type=\"heading.default\">\n\t\t\t\t<div class=\"elementor-widget-container\">\n\t\t\t\t\t<h2 class=\"elementor-heading-title elementor-size-default\">We encourage you to get in touch with us!<\/h2>\t\t\t\t<\/div>\n\t\t\t\t<\/div>\n\t\t\t\t<div class=\"elementor-element elementor-element-3dfb6d2 elementor-widget elementor-widget-text-editor\" data-id=\"3dfb6d2\" data-element_type=\"widget\" data-widget_type=\"text-editor.default\">\n\t\t\t\t<div class=\"elementor-widget-container\">\n\t\t\t\t\t\t\t\t\t<p>Choose the most convenient way to contact us \u2013 call, send an email, or fill out the form, and we will promptly respond to your inquiry. We are confident that with our knowledge and experience, you will find Intecker to be the partner who will help you achieve success. Don\u2019t wait \u2013 let\u2019s talk about your needs and challenges today!<\/p>\t\t\t\t\t\t\t\t<\/div>\n\t\t\t\t<\/div>\n\t\t\t\t<\/div>\n\t\t\t\t<\/div>\n\t\t<div class=\"elementor-element elementor-element-5c7b30b e-con-full e-flex e-con e-child\" data-id=\"5c7b30b\" data-element_type=\"container\">\n\t\t\t\t<div class=\"elementor-element elementor-element-cae680c elementor-widget elementor-widget-heading\" data-id=\"cae680c\" data-element_type=\"widget\" data-widget_type=\"heading.default\">\n\t\t\t\t<div class=\"elementor-widget-container\">\n\t\t\t\t\t<h2 class=\"elementor-heading-title elementor-size-default\">Contact form<\/h2>\t\t\t\t<\/div>\n\t\t\t\t<\/div>\n\t\t\t\t<div class=\"elementor-element elementor-element-07e7e2d elementor-widget elementor-widget-text-editor\" data-id=\"07e7e2d\" data-element_type=\"widget\" data-widget_type=\"text-editor.default\">\n\t\t\t\t<div class=\"elementor-widget-container\">\n\t\t\t\t\t\t\t\t\t<p>Fill out the form below to get in touch with us quickly. Our team will respond to your inquiry as soon as possible.<\/p>\t\t\t\t\t\t\t\t<\/div>\n\t\t\t\t<\/div>\n\t\t<div class=\"elementor-element elementor-element-ceb5627 e-con-full e-flex e-con e-child\" data-id=\"ceb5627\" data-element_type=\"container\">\n\t\t\t\t<div class=\"elementor-element elementor-element-e012702 elementor-button-align-stretch elementor-widget elementor-widget-form\" data-id=\"e012702\" data-element_type=\"widget\" id=\"FORM-int\" data-settings=\"{&quot;step_next_label&quot;:&quot;Nast\\u0119pny&quot;,&quot;step_previous_label&quot;:&quot;Poprzedni&quot;,&quot;button_width&quot;:&quot;100&quot;,&quot;step_type&quot;:&quot;number_text&quot;,&quot;step_icon_shape&quot;:&quot;circle&quot;}\" data-widget_type=\"form.default\">\n\t\t\t\t<div class=\"elementor-widget-container\">\n\t\t\t\t\t\t\t<form class=\"elementor-form\" method=\"post\" name=\"Nowy formularz\" action>\n\t\t\t<input type=\"hidden\" name=\"post_id\" value=\"544\">\n\t\t\t<input type=\"hidden\" name=\"form_id\" value=\"e012702\">\n\t\t\t<input type=\"hidden\" name=\"referer_title\" value=\"Kontakt\">\n\n\t\t\t\t\t\t\t<input type=\"hidden\" name=\"queried_id\" value=\"544\">\n\t\t\t\n\t\t\t<div class=\"elementor-form-fields-wrapper elementor-labels-\">\n\t\t\t\t\t\t\t\t<div class=\"elementor-field-type-email elementor-field-group elementor-column elementor-field-group-email elementor-col-100 elementor-field-required\">\n\t\t\t\t\t\t\t\t\t\t\t\t<label for=\"form-field-email\" class=\"elementor-field-label elementor-screen-only\">\n\t\t\t\t\t\t\t\tE\u2011mail\t\t\t\t\t\t\t<\/label>\n\t\t\t\t\t\t\t\t\t\t\t\t\t\t<input size=\"1\" type=\"email\" name=\"form_fields[email]\" id=\"form-field-email\" class=\"elementor-field elementor-size-sm  elementor-field-textual\" placeholder=\"Email address\" required=\"required\">\n\t\t\t\t\t\t\t\t\t\t\t<\/div>\n\t\t\t\t\t\t\t\t<div class=\"elementor-field-type-textarea elementor-field-group elementor-column elementor-field-group-message elementor-col-100\">\n\t\t\t\t\t\t\t\t\t\t\t\t<label for=\"form-field-message\" class=\"elementor-field-label elementor-screen-only\">\n\t\t\t\t\t\t\t\tWiadomo\u015b\u0107\t\t\t\t\t\t\t<\/label>\n\t\t\t\t\t\t<textarea class=\"elementor-field-textual elementor-field  elementor-size-sm\" name=\"form_fields[message]\" id=\"form-field-message\" rows=\"4\" placeholder=\"Message content\"><\/textarea>\t\t\t\t<\/div>\n\t\t\t\t\t\t\t\t<div class=\"elementor-field-group elementor-column elementor-field-type-submit elementor-col-100 e-form__buttons\">\n\t\t\t\t\t<button class=\"elementor-button elementor-size-sm\" type=\"submit\">\n\t\t\t\t\t\t<span class=\"elementor-button-content-wrapper\">\n\t\t\t\t\t\t\t\t\t\t\t\t\t\t\t\t\t\t\t\t\t\t<span class=\"elementor-button-text\">Send<\/span>\n\t\t\t\t\t\t\t\t\t\t\t\t\t<\/span>\n\t\t\t\t\t<\/button>\n\t\t\t\t<\/div>\n\t\t\t<\/div>\n\t\t<input type=\"hidden\" name=\"trp-form-language\" value=\"en\"><\/form>\n\t\t\t\t\t\t<\/div>\n\t\t\t\t<\/div>\n\t\t\t\t<\/div>\n\t\t\t\t<\/div>\n\t\t<div class=\"elementor-element elementor-element-49054f2 e-con-full e-flex e-con e-child\" data-id=\"49054f2\" data-element_type=\"container\">\n\t\t\t\t<div class=\"elementor-element elementor-element-0e18e8a elementor-widget elementor-widget-google_maps\" data-id=\"0e18e8a\" data-element_type=\"widget\" data-widget_type=\"google_maps.default\">\n\t\t\t\t<div class=\"elementor-widget-container\">\n\t\t\t\t\t\t\t<div class=\"elementor-custom-embed\">\n\t\t\t<iframe loading=\"lazy\" src=\"https:\/\/maps.google.com\/maps?q=ul.%20Litewska%2017C%2C%2080-719%20Gda%C5%84sk%2C%20Polska&amp;t=m&amp;z=12&amp;output=embed&amp;iwloc=near\" title=\"ul. Litewska 17C, 80-719 Gda\u0144sk, Polska\" aria-label=\"ul. Litewska 17C, 80-719 Gda\u0144sk, Polska\"><\/iframe>\n\t\t<\/div>\n\t\t\t\t\t\t<\/div>\n\t\t\t\t<\/div>\n\t\t\t\t<\/div>\n\t\t\t\t\t<\/div>\n\t\t\t\t<\/div>\n\t\t\t\t<\/div>","protected":false},"excerpt":{"rendered":"<p>Kontakt Skontaktuj si\u0119 z&nbsp;nami Dowiedz si\u0119 wi\u0119cej o&nbsp;naszych us\u0142ugach aby om\u00f3wi\u0107 szczeg\u00f3\u0142y dotycz\u0105ce realizacji projekt\u00f3w. Nasz zesp\u00f3\u0142 jest gotowy, by odpowiedzie\u0107 na Twoje pytania i&nbsp;pom\u00f3c w&nbsp;znalezieniu optymalnych rozwi\u0105za\u0144 dopasowanych do Twoich potrzeb. Management \/ Projekty Maciej Teus\u200b Monta\u017ce maszyn u&nbsp;klient\u00f3w, utrzymanie ruchu i&nbsp;serwis. &nbsp;+48 503 960 528m.teus@intecker.pl Jakub \u0141aga [\u2026]<\/p>","protected":false},"author":2,"featured_media":0,"parent":0,"menu_order":7,"comment_status":"closed","ping_status":"closed","template":"elementor_header_footer","meta":{"wp_typography_post_enhancements_disabled":false,"slim_seo":{"title":"Kontakt - INTECKER","description":"Kontakt Skontaktuj si\u0119 z nami Dowiedz si\u0119 wi\u0119cej o naszych us\u0142ugach aby om\u00f3wi\u0107 szczeg\u00f3\u0142y dotycz\u0105ce realizacji projekt\u00f3w. Nasz zesp\u00f3\u0142 jest gotowy, by odpowiedzie"},"footnotes":""},"class_list":["post-544","page","type-page","status-publish","hentry"],"_links":{"self":[{"href":"https:\/\/www.intecker.com\/en\/wp-json\/wp\/v2\/pages\/544","targetHints":{"allow":["GET"]}}],"collection":[{"href":"https:\/\/www.intecker.com\/en\/wp-json\/wp\/v2\/pages"}],"about":[{"href":"https:\/\/www.intecker.com\/en\/wp-json\/wp\/v2\/types\/page"}],"author":[{"embeddable":true,"href":"https:\/\/www.intecker.com\/en\/wp-json\/wp\/v2\/users\/2"}],"replies":[{"embeddable":true,"href":"https:\/\/www.intecker.com\/en\/wp-json\/wp\/v2\/comments?post=544"}],"version-history":[{"count":202,"href":"https:\/\/www.intecker.com\/en\/wp-json\/wp\/v2\/pages\/544\/revisions"}],"predecessor-version":[{"id":1939,"href":"https:\/\/www.intecker.com\/en\/wp-json\/wp\/v2\/pages\/544\/revisions\/1939"}],"wp:attachment":[{"href":"https:\/\/www.intecker.com\/en\/wp-json\/wp\/v2\/media?parent=544"}],"curies":[{"name":"wp","href":"https:\/\/api.w.org\/{rel}","templated":true}]}}