{"id":464,"date":"2025-03-10T17:36:44","date_gmt":"2025-03-10T17:36:44","guid":{"rendered":"https:\/\/www.intecker.com\/?page_id=464"},"modified":"2025-03-21T09:32:30","modified_gmt":"2025-03-21T09:32:30","slug":"o-nas","status":"publish","type":"page","link":"https:\/\/www.intecker.com\/en\/o-nas\/","title":{"rendered":"About us"},"content":{"rendered":"<div data-elementor-type=\"wp-page\" data-elementor-id=\"464\" class=\"elementor elementor-464\" data-elementor-post-type=\"page\">\n\t\t\t\t<div class=\"elementor-element elementor-element-8e12db6 e-flex e-con-boxed e-con e-parent\" data-id=\"8e12db6\" data-element_type=\"container\" data-settings=\"{&quot;background_background&quot;:&quot;classic&quot;}\">\n\t\t\t\t\t<div class=\"e-con-inner\">\n\t\t\t\t<div class=\"elementor-element elementor-element-ff9197a elementor-widget elementor-widget-heading\" data-id=\"ff9197a\" data-element_type=\"widget\" data-widget_type=\"heading.default\">\n\t\t\t\t<div class=\"elementor-widget-container\">\n\t\t\t\t\t<h2 class=\"elementor-heading-title elementor-size-default\">About us<\/h2>\t\t\t\t<\/div>\n\t\t\t\t<\/div>\n\t\t\t\t\t<\/div>\n\t\t\t\t<\/div>\n\t\t<div class=\"elementor-element elementor-element-0733192 e-flex e-con-boxed e-con e-parent\" data-id=\"0733192\" data-element_type=\"container\" data-settings=\"{&quot;background_background&quot;:&quot;classic&quot;}\">\n\t\t\t\t\t<div class=\"e-con-inner\">\n\t\t\t\t<div class=\"elementor-element elementor-element-c590640 elementor-widget elementor-widget-text-editor\" data-id=\"c590640\" data-element_type=\"widget\" data-widget_type=\"text-editor.default\">\n\t\t\t\t<div class=\"elementor-widget-container\">\n\t\t\t\t\t\t\t\t\t<p>Our mission is to deliver top-quality services tailored to the evolving needs of the industrial market. We support industrial companies at every stage\u2014from machinery and production line installation, through maintenance and servicing, to dismantling and relocation. We collaborate with companies that value partnership and require flexibility in adapting services to their project requirements. Our services are dedicated to businesses seeking qualified technical personnel for installing new machinery or production lines, as well as maintaining and upgrading existing equipment.<\/p>\t\t\t\t\t\t\t\t<\/div>\n\t\t\t\t<\/div>\n\t\t\t\t\t<\/div>\n\t\t\t\t<\/div>\n\t\t<div class=\"elementor-element elementor-element-4ef1c5f e-flex e-con-boxed e-con e-parent\" data-id=\"4ef1c5f\" data-element_type=\"container\" data-settings=\"{&quot;background_background&quot;:&quot;classic&quot;}\">\n\t\t\t\t\t<div class=\"e-con-inner\">\n\t\t<div class=\"elementor-element elementor-element-f772f06 e-con-full e-flex e-con e-child\" data-id=\"f772f06\" data-element_type=\"container\">\n\t\t\t\t<div class=\"elementor-element elementor-element-f8977dd elementor-widget elementor-widget-heading\" data-id=\"f8977dd\" data-element_type=\"widget\" data-widget_type=\"heading.default\">\n\t\t\t\t<div class=\"elementor-widget-container\">\n\t\t\t\t\t<h2 class=\"elementor-heading-title elementor-size-default\">01<\/h2>\t\t\t\t<\/div>\n\t\t\t\t<\/div>\n\t\t\t\t<div class=\"elementor-element elementor-element-406cace elementor-widget elementor-widget-heading\" data-id=\"406cace\" data-element_type=\"widget\" data-widget_type=\"heading.default\">\n\t\t\t\t<div class=\"elementor-widget-container\">\n\t\t\t\t\t<h2 class=\"elementor-heading-title elementor-size-default\">Technical personnel<\/h2>\t\t\t\t<\/div>\n\t\t\t\t<\/div>\n\t\t\t\t<div class=\"elementor-element elementor-element-02e7b0a elementor-widget elementor-widget-text-editor\" data-id=\"02e7b0a\" data-element_type=\"widget\" data-widget_type=\"text-editor.default\">\n\t\t\t\t<div class=\"elementor-widget-container\">\n\t\t\t\t\t\t\t\t\t<p>These are engineers, service technicians, mechanics, and electricians with experience working on machinery and equipment across various industries. Thanks to this expertise, we can successfully complete highly complex projects while maintaining superior quality and safety standards. We collaborate with a&nbsp;health and safety company to ensure the highest safety level at every project stage, from planning to implementation. We have obtained the ISO 9001 certification, confirming that our processes comply with international quality management standards.&nbsp;<\/p>\t\t\t\t\t\t\t\t<\/div>\n\t\t\t\t<\/div>\n\t\t\t\t<\/div>\n\t\t<div class=\"elementor-element elementor-element-f62f5d4 e-con-full e-flex e-con e-child\" data-id=\"f62f5d4\" data-element_type=\"container\">\n\t\t\t\t<div class=\"elementor-element elementor-element-352440d elementor-widget elementor-widget-heading\" data-id=\"352440d\" data-element_type=\"widget\" data-widget_type=\"heading.default\">\n\t\t\t\t<div class=\"elementor-widget-container\">\n\t\t\t\t\t<h2 class=\"elementor-heading-title elementor-size-default\">02<\/h2>\t\t\t\t<\/div>\n\t\t\t\t<\/div>\n\t\t\t\t<div class=\"elementor-element elementor-element-2c1b9dd elementor-widget elementor-widget-heading\" data-id=\"2c1b9dd\" data-element_type=\"widget\" data-widget_type=\"heading.default\">\n\t\t\t\t<div class=\"elementor-widget-container\">\n\t\t\t\t\t<h2 class=\"elementor-heading-title elementor-size-default\">Contract manufacturing<\/h2>\t\t\t\t<\/div>\n\t\t\t\t<\/div>\n\t\t\t\t<div class=\"elementor-element elementor-element-3a30d04 elementor-widget elementor-widget-text-editor\" data-id=\"3a30d04\" data-element_type=\"widget\" data-widget_type=\"text-editor.default\">\n\t\t\t\t<div class=\"elementor-widget-container\">\n\t\t\t\t\t\t\t\t\t<p>Enables us to carry out projects involving machinery assembly, switchgear prefabrication, component production, and technology customization according to client needs. Our production facilities, including advanced CNC machines and access to specialized personnel, allow us to meet the demands of even the most challenging clients.<\/p>\t\t\t\t\t\t\t\t<\/div>\n\t\t\t\t<\/div>\n\t\t\t\t<\/div>\n\t\t<div class=\"elementor-element elementor-element-4acfa33 e-con-full e-flex e-con e-child\" data-id=\"4acfa33\" data-element_type=\"container\">\n\t\t\t\t<div class=\"elementor-element elementor-element-91ba946 elementor-widget elementor-widget-heading\" data-id=\"91ba946\" data-element_type=\"widget\" data-widget_type=\"heading.default\">\n\t\t\t\t<div class=\"elementor-widget-container\">\n\t\t\t\t\t<h2 class=\"elementor-heading-title elementor-size-default\">03<\/h2>\t\t\t\t<\/div>\n\t\t\t\t<\/div>\n\t\t\t\t<div class=\"elementor-element elementor-element-538d231 elementor-widget elementor-widget-heading\" data-id=\"538d231\" data-element_type=\"widget\" data-widget_type=\"heading.default\">\n\t\t\t\t<div class=\"elementor-widget-container\">\n\t\t\t\t\t<h2 class=\"elementor-heading-title elementor-size-default\">Scope of services<\/h2>\t\t\t\t<\/div>\n\t\t\t\t<\/div>\n\t\t\t\t<div class=\"elementor-element elementor-element-67a9554 elementor-widget elementor-widget-text-editor\" data-id=\"67a9554\" data-element_type=\"widget\" data-widget_type=\"text-editor.default\">\n\t\t\t\t<div class=\"elementor-widget-container\">\n\t\t\t\t\t\t\t\t\t<p>We operate throughout Europe, serving companies in industries such as industrial automation, process manufacturing, intralogistics, and automotive. With our qualified team of experts, modern technical facilities, and individualized approach to each client, we deliver tailored solutions suited to the specifics of every project we undertake.<\/p>\t\t\t\t\t\t\t\t<\/div>\n\t\t\t\t<\/div>\n\t\t\t\t<\/div>\n\t\t\t\t\t<\/div>\n\t\t\t\t<\/div>\n\t\t<div class=\"elementor-element elementor-element-16d8895 e-flex e-con-boxed e-con e-parent\" data-id=\"16d8895\" data-element_type=\"container\">\n\t\t\t\t\t<div class=\"e-con-inner\">\n\t\t\t\t<div class=\"elementor-element elementor-element-832016d elementor-widget elementor-widget-image\" data-id=\"832016d\" data-element_type=\"widget\" data-widget_type=\"image.default\">\n\t\t\t\t<div class=\"elementor-widget-container\">\n\t\t\t\t\t\t\t\t\t\t\t\t\t\t\t<img fetchpriority=\"high\" decoding=\"async\" width=\"2560\" height=\"896\" src=\"https:\/\/www.intecker.com\/wp-content\/uploads\/2025\/03\/Mask-group-1.png\" class=\"attachment-full size-full wp-image-471\" alt=\"Mask group\" srcset=\"https:\/\/www.intecker.com\/wp-content\/uploads\/2025\/03\/Mask-group-1.png 2560w, https:\/\/www.intecker.com\/wp-content\/uploads\/2025\/03\/Mask-group-1-300x105.png 300w, https:\/\/www.intecker.com\/wp-content\/uploads\/2025\/03\/Mask-group-1-1024x358.png 1024w, https:\/\/www.intecker.com\/wp-content\/uploads\/2025\/03\/Mask-group-1-768x269.png 768w, https:\/\/www.intecker.com\/wp-content\/uploads\/2025\/03\/Mask-group-1-1536x538.png 1536w, https:\/\/www.intecker.com\/wp-content\/uploads\/2025\/03\/Mask-group-1-2048x717.png 2048w\" sizes=\"(max-width: 2560px) 100vw, 2560px\">\t\t\t\t\t\t\t\t\t\t\t\t\t\t\t<\/div>\n\t\t\t\t<\/div>\n\t\t\t\t\t<\/div>\n\t\t\t\t<\/div>\n\t\t<div class=\"elementor-element elementor-element-807e01c e-flex e-con-boxed e-con e-parent\" data-id=\"807e01c\" data-element_type=\"container\">\n\t\t\t\t\t<div class=\"e-con-inner\">\n\t\t\t\t<div class=\"elementor-element elementor-element-3134a89 elementor-widget elementor-widget-text-editor\" data-id=\"3134a89\" data-element_type=\"widget\" data-widget_type=\"text-editor.default\">\n\t\t\t\t<div class=\"elementor-widget-container\">\n\t\t\t\t\t\t\t\t\t<p>Thanks to values such as reliability, professionalism, and full commitment, Intecker has earned a&nbsp;reputation as a&nbsp;trusted business partner that not only executes projects at the highest level but also prioritizes long-term collaboration and customer satisfaction.<\/p>\t\t\t\t\t\t\t\t<\/div>\n\t\t\t\t<\/div>\n\t\t\t\t\t<\/div>\n\t\t\t\t<\/div>\n\t\t<div class=\"elementor-element elementor-element-8fda78e e-flex e-con-boxed e-con e-parent\" data-id=\"8fda78e\" data-element_type=\"container\">\n\t\t\t\t\t<div class=\"e-con-inner\">\n\t\t<div class=\"elementor-element elementor-element-b53b9f4 e-con-full e-flex e-con e-child\" data-id=\"b53b9f4\" data-element_type=\"container\">\n\t\t\t\t<div class=\"elementor-element elementor-element-9d0c28b elementor-widget elementor-widget-heading\" data-id=\"9d0c28b\" data-element_type=\"widget\" data-widget_type=\"heading.default\">\n\t\t\t\t<div class=\"elementor-widget-container\">\n\t\t\t\t\t<h2 class=\"elementor-heading-title elementor-size-default\">What sets Intecker apart<\/h2>\t\t\t\t<\/div>\n\t\t\t\t<\/div>\n\t\t\t\t<\/div>\n\t\t<div class=\"elementor-element elementor-element-247cdb8 e-con-full e-flex e-con e-child\" data-id=\"247cdb8\" data-element_type=\"container\">\n\t\t\t\t<div class=\"elementor-element elementor-element-9939468 elementor-pagination-type-progressbar elementor-arrows-position-inside elementor-widget elementor-widget-n-carousel\" data-id=\"9939468\" data-element_type=\"widget\" data-settings=\"{&quot;carousel_items&quot;:[{&quot;slide_title&quot;:&quot;Slide #1&quot;,&quot;_id&quot;:&quot;7a99425&quot;},{&quot;slide_title&quot;:&quot;Slide #1&quot;,&quot;_id&quot;:&quot;a481a4c&quot;},{&quot;slide_title&quot;:&quot;Slide #1&quot;,&quot;_id&quot;:&quot;86094ae&quot;},{&quot;slide_title&quot;:&quot;Slide #1&quot;,&quot;_id&quot;:&quot;8de3492&quot;},{&quot;slide_title&quot;:&quot;Slide #1&quot;,&quot;_id&quot;:&quot;a35e011&quot;},{&quot;slide_title&quot;:&quot;Slide #1&quot;,&quot;_id&quot;:&quot;46175a0&quot;},{&quot;slide_title&quot;:&quot;Slide #1&quot;,&quot;_id&quot;:&quot;1e6bbc9&quot;},{&quot;slide_title&quot;:&quot;Slide #1&quot;,&quot;_id&quot;:&quot;12db6a7&quot;},{&quot;slide_title&quot;:&quot;Slide #1&quot;,&quot;_id&quot;:&quot;4fd236a&quot;}],&quot;slides_to_show&quot;:&quot;3&quot;,&quot;slides_to_scroll&quot;:&quot;1&quot;,&quot;image_spacing_custom&quot;:{&quot;unit&quot;:&quot;px&quot;,&quot;size&quot;:0,&quot;sizes&quot;:[]},&quot;pagination&quot;:&quot;progressbar&quot;,&quot;slides_to_show_tablet&quot;:&quot;2&quot;,&quot;slides_to_show_mobile&quot;:&quot;1&quot;,&quot;speed&quot;:500,&quot;arrows&quot;:&quot;yes&quot;,&quot;image_spacing_custom_tablet&quot;:{&quot;unit&quot;:&quot;px&quot;,&quot;size&quot;:&quot;&quot;,&quot;sizes&quot;:[]},&quot;image_spacing_custom_mobile&quot;:{&quot;unit&quot;:&quot;px&quot;,&quot;size&quot;:&quot;&quot;,&quot;sizes&quot;:[]}}\" data-widget_type=\"nested-carousel.default\">\n\t\t\t\t<div class=\"elementor-widget-container\">\n\t\t\t\t\t\t\t<div class=\"e-n-carousel swiper\" role=\"region\" aria-roledescription=\"carousel\" aria-label=\"karuzela\" dir=\"ltr\">\n\t\t\t<div class=\"swiper-wrapper\" aria-live=\"polite\">\n\t\t\t\t\t\t\t\t\t\t<div class=\"swiper-slide\" data-slide=\"1\" role=\"group\" aria-roledescription=\"slide\" aria-label=\"1 of 9\">\n\t\t\t\t\t\t\t<div class=\"elementor-element elementor-element-a5540c9 e-flex e-con-boxed e-con e-child\" data-id=\"a5540c9\" data-element_type=\"container\">\n\t\t\t\t\t<div class=\"e-con-inner\">\n\t\t<div class=\"elementor-element elementor-element-5e513ad e-con-full e-flex e-con e-child\" data-id=\"5e513ad\" data-element_type=\"container\">\n\t\t\t\t<div class=\"elementor-element elementor-element-9c6a4cc elementor-widget elementor-widget-text-editor\" data-id=\"9c6a4cc\" data-element_type=\"widget\" data-widget_type=\"text-editor.default\">\n\t\t\t\t<div class=\"elementor-widget-container\">\n\t\t\t\t\t\t\t\t\t<p class=\"translation-block\"><b>Comprehensive approach<\/b> to projects \u2013 we collaborate with clients at every stage of the project, with work planning carried out in cooperation with engineers who have years of experience in the industry.<\/p>\t\t\t\t\t\t\t\t<\/div>\n\t\t\t\t<\/div>\n\t\t\t\t<\/div>\n\t\t\t\t\t<\/div>\n\t\t\t\t<\/div>\n\t\t\t\t\t\t\t\t<\/div>\n\t\t\t\t\t\t\t\t\t\t\t<div class=\"swiper-slide\" data-slide=\"2\" role=\"group\" aria-roledescription=\"slide\" aria-label=\"2 of 9\">\n\t\t\t\t\t\t\t<div class=\"elementor-element elementor-element-4e9cf04 e-flex e-con-boxed e-con e-child\" data-id=\"4e9cf04\" data-element_type=\"container\">\n\t\t\t\t\t<div class=\"e-con-inner\">\n\t\t<div class=\"elementor-element elementor-element-e0fb48c e-con-full e-flex e-con e-child\" data-id=\"e0fb48c\" data-element_type=\"container\">\n\t\t\t\t<div class=\"elementor-element elementor-element-10837f7 elementor-widget elementor-widget-text-editor\" data-id=\"10837f7\" data-element_type=\"widget\" data-widget_type=\"text-editor.default\">\n\t\t\t\t<div class=\"elementor-widget-container\">\n\t\t\t\t\t\t\t\t\t<p class=\"translation-block\">Qualified <b>team of experts<\/b> \u2013 our specialists include engineers, technicians, mechanics, and electricians with experience working with machinery and equipment from various industries.<\/p>\t\t\t\t\t\t\t\t<\/div>\n\t\t\t\t<\/div>\n\t\t\t\t<\/div>\n\t\t\t\t\t<\/div>\n\t\t\t\t<\/div>\n\t\t\t\t\t\t\t\t<\/div>\n\t\t\t\t\t\t\t\t\t\t\t<div class=\"swiper-slide\" data-slide=\"3\" role=\"group\" aria-roledescription=\"slide\" aria-label=\"3 of 9\">\n\t\t\t\t\t\t\t<div class=\"elementor-element elementor-element-24d7813 e-flex e-con-boxed e-con e-child\" data-id=\"24d7813\" data-element_type=\"container\">\n\t\t\t\t\t<div class=\"e-con-inner\">\n\t\t<div class=\"elementor-element elementor-element-59333e8 e-con-full e-flex e-con e-child\" data-id=\"59333e8\" data-element_type=\"container\">\n\t\t\t\t<div class=\"elementor-element elementor-element-f678551 elementor-widget elementor-widget-text-editor\" data-id=\"f678551\" data-element_type=\"widget\" data-widget_type=\"text-editor.default\">\n\t\t\t\t<div class=\"elementor-widget-container\">\n\t\t\t\t\t\t\t\t\t<p class=\"translation-block\"><b>International experience<\/b> \u2013 we have carried out a&nbsp;variety of projects across Europe.<\/p>\t\t\t\t\t\t\t\t<\/div>\n\t\t\t\t<\/div>\n\t\t\t\t<\/div>\n\t\t\t\t\t<\/div>\n\t\t\t\t<\/div>\n\t\t\t\t\t\t\t\t<\/div>\n\t\t\t\t\t\t\t\t\t\t\t<div class=\"swiper-slide\" data-slide=\"4\" role=\"group\" aria-roledescription=\"slide\" aria-label=\"4 of 9\">\n\t\t\t\t\t\t\t<div class=\"elementor-element elementor-element-982f35c e-flex e-con-boxed e-con e-child\" data-id=\"982f35c\" data-element_type=\"container\">\n\t\t\t\t\t<div class=\"e-con-inner\">\n\t\t<div class=\"elementor-element elementor-element-694d940 e-con-full e-flex e-con e-child\" data-id=\"694d940\" data-element_type=\"container\">\n\t\t\t\t<div class=\"elementor-element elementor-element-a6b9a4a elementor-widget elementor-widget-text-editor\" data-id=\"a6b9a4a\" data-element_type=\"widget\" data-widget_type=\"text-editor.default\">\n\t\t\t\t<div class=\"elementor-widget-container\">\n\t\t\t\t\t\t\t\t\t<p class=\"translation-block\">Organized <b>office team<\/b> \u2013 we have a&nbsp;logistics department that handles transportation and accommodation matters for personnel.<\/p>\t\t\t\t\t\t\t\t<\/div>\n\t\t\t\t<\/div>\n\t\t\t\t<\/div>\n\t\t\t\t\t<\/div>\n\t\t\t\t<\/div>\n\t\t\t\t\t\t\t\t<\/div>\n\t\t\t\t\t\t\t\t\t\t\t<div class=\"swiper-slide\" data-slide=\"5\" role=\"group\" aria-roledescription=\"slide\" aria-label=\"5 of 9\">\n\t\t\t\t\t\t\t<div class=\"elementor-element elementor-element-207a0a4 e-flex e-con-boxed e-con e-child\" data-id=\"207a0a4\" data-element_type=\"container\">\n\t\t\t\t\t<div class=\"e-con-inner\">\n\t\t<div class=\"elementor-element elementor-element-189cff3 e-con-full e-flex e-con e-child\" data-id=\"189cff3\" data-element_type=\"container\">\n\t\t\t\t<div class=\"elementor-element elementor-element-d8fd09c elementor-widget elementor-widget-text-editor\" data-id=\"d8fd09c\" data-element_type=\"widget\" data-widget_type=\"text-editor.default\">\n\t\t\t\t<div class=\"elementor-widget-container\">\n\t\t\t\t\t\t\t\t\t<p class=\"translation-block\"><b>Wide industry scope<\/b> \u2013 we have executed projects across various industries, from smaller devices to industrial lines in heavy industry.<\/p>\t\t\t\t\t\t\t\t<\/div>\n\t\t\t\t<\/div>\n\t\t\t\t<\/div>\n\t\t\t\t\t<\/div>\n\t\t\t\t<\/div>\n\t\t\t\t\t\t\t\t<\/div>\n\t\t\t\t\t\t\t\t\t\t\t<div class=\"swiper-slide\" data-slide=\"6\" role=\"group\" aria-roledescription=\"slide\" aria-label=\"6 of 9\">\n\t\t\t\t\t\t\t<div class=\"elementor-element elementor-element-fc81e85 e-flex e-con-boxed e-con e-child\" data-id=\"fc81e85\" data-element_type=\"container\">\n\t\t\t\t\t<div class=\"e-con-inner\">\n\t\t<div class=\"elementor-element elementor-element-322970b e-con-full e-flex e-con e-child\" data-id=\"322970b\" data-element_type=\"container\">\n\t\t\t\t<div class=\"elementor-element elementor-element-f85a8a6 elementor-widget elementor-widget-text-editor\" data-id=\"f85a8a6\" data-element_type=\"widget\" data-widget_type=\"text-editor.default\">\n\t\t\t\t<div class=\"elementor-widget-container\">\n\t\t\t\t\t\t\t\t\t<p class=\"translation-block\"><b>Production facilities<\/b> \u2013 we enable fast and efficient delivery of essential materials, components, and machinery, minimizing waiting times for key elements.<\/p>\t\t\t\t\t\t\t\t<\/div>\n\t\t\t\t<\/div>\n\t\t\t\t<\/div>\n\t\t\t\t\t<\/div>\n\t\t\t\t<\/div>\n\t\t\t\t\t\t\t\t<\/div>\n\t\t\t\t\t\t\t\t\t\t\t<div class=\"swiper-slide\" data-slide=\"7\" role=\"group\" aria-roledescription=\"slide\" aria-label=\"7 of 9\">\n\t\t\t\t\t\t\t<div class=\"elementor-element elementor-element-79dabac e-flex e-con-boxed e-con e-child\" data-id=\"79dabac\" data-element_type=\"container\">\n\t\t\t\t\t<div class=\"e-con-inner\">\n\t\t<div class=\"elementor-element elementor-element-b147e19 e-con-full e-flex e-con e-child\" data-id=\"b147e19\" data-element_type=\"container\">\n\t\t\t\t<div class=\"elementor-element elementor-element-b95f22e elementor-widget elementor-widget-text-editor\" data-id=\"b95f22e\" data-element_type=\"widget\" data-widget_type=\"text-editor.default\">\n\t\t\t\t<div class=\"elementor-widget-container\">\n\t\t\t\t\t\t\t\t\t<p class=\"translation-block\">Tailoring to <b>customer requirements<\/b> \u2013 our experienced team understands the client\u2019s needs, and we dedicate significant attention and precision to each project.<\/p>\t\t\t\t\t\t\t\t<\/div>\n\t\t\t\t<\/div>\n\t\t\t\t<\/div>\n\t\t\t\t\t<\/div>\n\t\t\t\t<\/div>\n\t\t\t\t\t\t\t\t<\/div>\n\t\t\t\t\t\t\t\t\t\t\t<div class=\"swiper-slide\" data-slide=\"8\" role=\"group\" aria-roledescription=\"slide\" aria-label=\"8 of 9\">\n\t\t\t\t\t\t\t<div class=\"elementor-element elementor-element-f0eb3b7 e-flex e-con-boxed e-con e-child\" data-id=\"f0eb3b7\" data-element_type=\"container\">\n\t\t\t\t\t<div class=\"e-con-inner\">\n\t\t<div class=\"elementor-element elementor-element-41b4a9d e-con-full e-flex e-con e-child\" data-id=\"41b4a9d\" data-element_type=\"container\">\n\t\t\t\t<div class=\"elementor-element elementor-element-42bb6be elementor-widget elementor-widget-text-editor\" data-id=\"42bb6be\" data-element_type=\"widget\" data-widget_type=\"text-editor.default\">\n\t\t\t\t<div class=\"elementor-widget-container\">\n\t\t\t\t\t\t\t\t\t<p class=\"translation-block\">Maintaining <b>high standards of quality and safety<\/b> \u2013 we hold the ISO 9001 certification, confirming our high standards of quality management and health and safety.<\/p>\t\t\t\t\t\t\t\t<\/div>\n\t\t\t\t<\/div>\n\t\t\t\t<\/div>\n\t\t\t\t\t<\/div>\n\t\t\t\t<\/div>\n\t\t\t\t\t\t\t\t<\/div>\n\t\t\t\t\t\t\t\t\t\t\t<div class=\"swiper-slide\" data-slide=\"9\" role=\"group\" aria-roledescription=\"slide\" aria-label=\"9 of 9\">\n\t\t\t\t\t\t\t<div class=\"elementor-element elementor-element-73153d7 e-flex e-con-boxed e-con e-child\" data-id=\"73153d7\" data-element_type=\"container\">\n\t\t\t\t\t<div class=\"e-con-inner\">\n\t\t<div class=\"elementor-element elementor-element-e4f1422 e-con-full e-flex e-con e-child\" data-id=\"e4f1422\" data-element_type=\"container\">\n\t\t\t\t<div class=\"elementor-element elementor-element-3cfe515 elementor-widget elementor-widget-text-editor\" data-id=\"3cfe515\" data-element_type=\"widget\" data-widget_type=\"text-editor.default\">\n\t\t\t\t<div class=\"elementor-widget-container\">\n\t\t\t\t\t\t\t\t\t<p class=\"translation-block\"><b>Quick response and minimization of downtime<\/b> \u2013 we can mobilize a&nbsp;team within a&nbsp;week and are also flexible in the case of changing project circumstances.<\/p>\t\t\t\t\t\t\t\t<\/div>\n\t\t\t\t<\/div>\n\t\t\t\t<\/div>\n\t\t\t\t\t<\/div>\n\t\t\t\t<\/div>\n\t\t\t\t\t\t\t\t<\/div>\n\t\t\t\t\t\t\t\t<\/div>\n\t\t<\/div>\n\t\t\t\t\t<div class=\"elementor-swiper-button elementor-swiper-button-prev\" role=\"button\" tabindex=\"0\" aria-label=\"Poprzedni\">\n\t\t\t\t<svg aria-hidden=\"true\" class=\"e-font-icon-svg e-eicon-chevron-left\" viewBox=\"0 0 1000 1000\"><path d=\"M646 125C629 125 613 133 604 142L308 442C296 454 292 471 292 487 292 504 296 521 308 533L604 854C617 867 629 875 646 875 663 875 679 871 692 858 704 846 713 829 713 812 713 796 708 779 692 767L438 487 692 225C700 217 708 204 708 187 708 171 704 154 692 142 675 129 663 125 646 125Z\" \/><\/svg>\t\t\t<\/div>\n\t\t\t<div class=\"elementor-swiper-button elementor-swiper-button-next\" role=\"button\" tabindex=\"0\" aria-label=\"Nast\u0119pny\">\n\t\t\t\t<svg aria-hidden=\"true\" class=\"e-font-icon-svg e-eicon-chevron-right\" viewBox=\"0 0 1000 1000\"><path d=\"M696 533C708 521 713 504 713 487 713 471 708 454 696 446L400 146C388 133 375 125 354 125 338 125 325 129 313 142 300 154 292 171 292 187 292 204 296 221 308 233L563 492 304 771C292 783 288 800 288 817 288 833 296 850 308 863 321 871 338 875 354 875 371 875 388 867 400 854L696 533Z\" \/><\/svg>\t\t\t<\/div>\n\t\t\t\t\t<div class=\"swiper-pagination\"><\/div>\n\t\t\t\t\t\t<\/div>\n\t\t\t\t<\/div>\n\t\t\t\t<\/div>\n\t\t\t\t\t<\/div>\n\t\t\t\t<\/div>\n\t\t\t\t<\/div>","protected":false},"excerpt":{"rendered":"<p>O Nas Nasz\u0105 misj\u0105 jest dostarczanie us\u0142ug najwy\u017cszej jako\u015bci, kt\u00f3re odpowiadaj\u0105 na zmieniaj\u0105ce si\u0119 potrzeby rynku przemys\u0142owego. Wspieramy firmy przemys\u0142owe na ka\u017cdym etapie \u2013 od instalacji maszyn i&nbsp;linii produkcyjnych, poprzez utrzymanie ruchu i&nbsp;serwis, po demonta\u017c i&nbsp;relokacje. Wsp\u00f3\u0142pracujemy z&nbsp;firmami, kt\u00f3re stawiaj\u0105 na partnerstwo i&nbsp;oczekuj\u0105 elastyczno\u015bci w&nbsp;dostosowywaniu us\u0142ug do wymaga\u0144 projektu. [\u2026]<\/p>","protected":false},"author":2,"featured_media":0,"parent":0,"menu_order":2,"comment_status":"closed","ping_status":"closed","template":"elementor_header_footer","meta":{"wp_typography_post_enhancements_disabled":false,"slim_seo":{"title":"O nas - INTECKER","description":"O Nas Nasz\u0105 misj\u0105 jest dostarczanie us\u0142ug najwy\u017cszej jako\u015bci, kt\u00f3re odpowiadaj\u0105 na zmieniaj\u0105ce si\u0119 potrzeby rynku przemys\u0142owego. Wspieramy firmy przemys\u0142owe na"},"footnotes":""},"class_list":["post-464","page","type-page","status-publish","hentry"],"_links":{"self":[{"href":"https:\/\/www.intecker.com\/en\/wp-json\/wp\/v2\/pages\/464","targetHints":{"allow":["GET"]}}],"collection":[{"href":"https:\/\/www.intecker.com\/en\/wp-json\/wp\/v2\/pages"}],"about":[{"href":"https:\/\/www.intecker.com\/en\/wp-json\/wp\/v2\/types\/page"}],"author":[{"embeddable":true,"href":"https:\/\/www.intecker.com\/en\/wp-json\/wp\/v2\/users\/2"}],"replies":[{"embeddable":true,"href":"https:\/\/www.intecker.com\/en\/wp-json\/wp\/v2\/comments?post=464"}],"version-history":[{"count":140,"href":"https:\/\/www.intecker.com\/en\/wp-json\/wp\/v2\/pages\/464\/revisions"}],"predecessor-version":[{"id":1917,"href":"https:\/\/www.intecker.com\/en\/wp-json\/wp\/v2\/pages\/464\/revisions\/1917"}],"wp:attachment":[{"href":"https:\/\/www.intecker.com\/en\/wp-json\/wp\/v2\/media?parent=464"}],"curies":[{"name":"wp","href":"https:\/\/api.w.org\/{rel}","templated":true}]}}