{"id":1745,"date":"2025-03-21T14:37:36","date_gmt":"2025-03-21T14:37:36","guid":{"rendered":"https:\/\/www.intecker.com\/?page_id=1745"},"modified":"2025-03-21T15:15:35","modified_gmt":"2025-03-21T15:15:35","slug":"polityka-jakosci","status":"publish","type":"page","link":"https:\/\/www.intecker.com\/en\/polityka-jakosci\/","title":{"rendered":"Quality Policy"},"content":{"rendered":"<div data-elementor-type=\"wp-page\" data-elementor-id=\"1745\" class=\"elementor elementor-1745\" data-elementor-post-type=\"page\">\n\t\t\t\t<div class=\"elementor-element elementor-element-8e12db6 e-flex e-con-boxed e-con e-parent\" data-id=\"8e12db6\" data-element_type=\"container\" data-settings=\"{&quot;background_background&quot;:&quot;classic&quot;}\">\n\t\t\t\t\t<div class=\"e-con-inner\">\n\t\t\t\t<div class=\"elementor-element elementor-element-ff9197a elementor-widget elementor-widget-heading\" data-id=\"ff9197a\" data-element_type=\"widget\" data-widget_type=\"heading.default\">\n\t\t\t\t<div class=\"elementor-widget-container\">\n\t\t\t\t\t<h2 class=\"elementor-heading-title elementor-size-default\">Quality Policy<\/h2>\t\t\t\t<\/div>\n\t\t\t\t<\/div>\n\t\t\t\t\t<\/div>\n\t\t\t\t<\/div>\n\t\t<div class=\"elementor-element elementor-element-0733192 e-flex e-con-boxed e-con e-parent\" data-id=\"0733192\" data-element_type=\"container\" data-settings=\"{&quot;background_background&quot;:&quot;classic&quot;}\">\n\t\t\t\t\t<div class=\"e-con-inner\">\n\t\t\t\t<div class=\"elementor-element elementor-element-c590640 elementor-widget elementor-widget-text-editor\" data-id=\"c590640\" data-element_type=\"widget\" data-widget_type=\"text-editor.default\">\n\t\t\t\t<div class=\"elementor-widget-container\">\n\t\t\t\t\t\t\t\t\t<p>Our company, Intecker sp. z&nbsp;o.o., strives to ensure the highest quality of services in machine installation, maintenance, and production. Our goal is customer satisfaction, high-quality execution of work, and continuous process improvement.<\/p><p>At the beginning of 2025, we implemented a&nbsp;globally recognized quality management system standard <strong>ISO 9001.<\/strong>This ensures our clients a&nbsp;sense of security and stability when choosing a&nbsp;partner for the execution of demanding projects.&nbsp;<\/p>\t\t\t\t\t\t\t\t<\/div>\n\t\t\t\t<\/div>\n\t\t\t\t\t<\/div>\n\t\t\t\t<\/div>\n\t\t<div class=\"elementor-element elementor-element-4ef1c5f e-flex e-con-boxed e-con e-parent\" data-id=\"4ef1c5f\" data-element_type=\"container\" data-settings=\"{&quot;background_background&quot;:&quot;classic&quot;}\">\n\t\t\t\t\t<div class=\"e-con-inner\">\n\t\t<div class=\"elementor-element elementor-element-f772f06 e-con-full e-flex e-con e-child\" data-id=\"f772f06\" data-element_type=\"container\">\n\t\t\t\t<div class=\"elementor-element elementor-element-f8977dd elementor-widget elementor-widget-heading\" data-id=\"f8977dd\" data-element_type=\"widget\" data-widget_type=\"heading.default\">\n\t\t\t\t<div class=\"elementor-widget-container\">\n\t\t\t\t\t<h2 class=\"elementor-heading-title elementor-size-default\">01<\/h2>\t\t\t\t<\/div>\n\t\t\t\t<\/div>\n\t\t\t\t<div class=\"elementor-element elementor-element-406cace elementor-widget elementor-widget-heading\" data-id=\"406cace\" data-element_type=\"widget\" data-widget_type=\"heading.default\">\n\t\t\t\t<div class=\"elementor-widget-container\">\n\t\t\t\t\t<h2 class=\"elementor-heading-title elementor-size-default\">Safety<\/h2>\t\t\t\t<\/div>\n\t\t\t\t<\/div>\n\t\t\t\t<div class=\"elementor-element elementor-element-02e7b0a elementor-widget elementor-widget-text-editor\" data-id=\"02e7b0a\" data-element_type=\"widget\" data-widget_type=\"text-editor.default\">\n\t\t\t\t<div class=\"elementor-widget-container\">\n\t\t\t\t\t\t\t\t\t<p>We provide safe and reliable services. We care about the health and lives of our employees and clients.<\/p>\t\t\t\t\t\t\t\t<\/div>\n\t\t\t\t<\/div>\n\t\t\t\t<\/div>\n\t\t<div class=\"elementor-element elementor-element-f62f5d4 e-con-full e-flex e-con e-child\" data-id=\"f62f5d4\" data-element_type=\"container\">\n\t\t\t\t<div class=\"elementor-element elementor-element-352440d elementor-widget elementor-widget-heading\" data-id=\"352440d\" data-element_type=\"widget\" data-widget_type=\"heading.default\">\n\t\t\t\t<div class=\"elementor-widget-container\">\n\t\t\t\t\t<h2 class=\"elementor-heading-title elementor-size-default\">02<\/h2>\t\t\t\t<\/div>\n\t\t\t\t<\/div>\n\t\t\t\t<div class=\"elementor-element elementor-element-2c1b9dd elementor-widget elementor-widget-heading\" data-id=\"2c1b9dd\" data-element_type=\"widget\" data-widget_type=\"heading.default\">\n\t\t\t\t<div class=\"elementor-widget-container\">\n\t\t\t\t\t<h2 class=\"elementor-heading-title elementor-size-default\">High Quality<\/h2>\t\t\t\t<\/div>\n\t\t\t\t<\/div>\n\t\t\t\t<div class=\"elementor-element elementor-element-3a30d04 elementor-widget elementor-widget-text-editor\" data-id=\"3a30d04\" data-element_type=\"widget\" data-widget_type=\"text-editor.default\">\n\t\t\t\t<div class=\"elementor-widget-container\">\n\t\t\t\t\t\t\t\t\t<p>We strive for excellence in every project, using the latest technologies and best practices.<\/p>\t\t\t\t\t\t\t\t<\/div>\n\t\t\t\t<\/div>\n\t\t\t\t<\/div>\n\t\t<div class=\"elementor-element elementor-element-4acfa33 e-con-full e-flex e-con e-child\" data-id=\"4acfa33\" data-element_type=\"container\">\n\t\t\t\t<div class=\"elementor-element elementor-element-91ba946 elementor-widget elementor-widget-heading\" data-id=\"91ba946\" data-element_type=\"widget\" data-widget_type=\"heading.default\">\n\t\t\t\t<div class=\"elementor-widget-container\">\n\t\t\t\t\t<h2 class=\"elementor-heading-title elementor-size-default\">03<\/h2>\t\t\t\t<\/div>\n\t\t\t\t<\/div>\n\t\t\t\t<div class=\"elementor-element elementor-element-538d231 elementor-widget elementor-widget-heading\" data-id=\"538d231\" data-element_type=\"widget\" data-widget_type=\"heading.default\">\n\t\t\t\t<div class=\"elementor-widget-container\">\n\t\t\t\t\t<h2 class=\"elementor-heading-title elementor-size-default\">Efficiency<\/h2>\t\t\t\t<\/div>\n\t\t\t\t<\/div>\n\t\t\t\t<div class=\"elementor-element elementor-element-67a9554 elementor-widget elementor-widget-text-editor\" data-id=\"67a9554\" data-element_type=\"widget\" data-widget_type=\"text-editor.default\">\n\t\t\t\t<div class=\"elementor-widget-container\">\n\t\t\t\t\t\t\t\t\t<p>We execute projects on schedule, minimizing downtime and costs.<\/p>\t\t\t\t\t\t\t\t<\/div>\n\t\t\t\t<\/div>\n\t\t\t\t<\/div>\n\t\t<div class=\"elementor-element elementor-element-b0db730 e-con-full e-flex e-con e-child\" data-id=\"b0db730\" data-element_type=\"container\">\n\t\t\t\t<div class=\"elementor-element elementor-element-5c8f776 elementor-widget elementor-widget-heading\" data-id=\"5c8f776\" data-element_type=\"widget\" data-widget_type=\"heading.default\">\n\t\t\t\t<div class=\"elementor-widget-container\">\n\t\t\t\t\t<h2 class=\"elementor-heading-title elementor-size-default\">04<\/h2>\t\t\t\t<\/div>\n\t\t\t\t<\/div>\n\t\t\t\t<div class=\"elementor-element elementor-element-297e3f8 elementor-widget elementor-widget-heading\" data-id=\"297e3f8\" data-element_type=\"widget\" data-widget_type=\"heading.default\">\n\t\t\t\t<div class=\"elementor-widget-container\">\n\t\t\t\t\t<h2 class=\"elementor-heading-title elementor-size-default\">Sustainable Development<\/h2>\t\t\t\t<\/div>\n\t\t\t\t<\/div>\n\t\t\t\t<div class=\"elementor-element elementor-element-a15c3da elementor-widget elementor-widget-text-editor\" data-id=\"a15c3da\" data-element_type=\"widget\" data-widget_type=\"text-editor.default\">\n\t\t\t\t<div class=\"elementor-widget-container\">\n\t\t\t\t\t\t\t\t\t<p>We responsibly manage resources, minimizing our impact on the environment.<\/p>\t\t\t\t\t\t\t\t<\/div>\n\t\t\t\t<\/div>\n\t\t\t\t<\/div>\n\t\t\t\t\t<\/div>\n\t\t\t\t<\/div>\n\t\t<div class=\"elementor-element elementor-element-8fda78e e-flex e-con-boxed e-con e-parent\" data-id=\"8fda78e\" data-element_type=\"container\">\n\t\t\t\t\t<div class=\"e-con-inner\">\n\t\t<div class=\"elementor-element elementor-element-b53b9f4 e-con-full e-flex e-con e-child\" data-id=\"b53b9f4\" data-element_type=\"container\">\n\t\t\t\t<div class=\"elementor-element elementor-element-9d0c28b elementor-widget elementor-widget-heading\" data-id=\"9d0c28b\" data-element_type=\"widget\" data-widget_type=\"heading.default\">\n\t\t\t\t<div class=\"elementor-widget-container\">\n\t\t\t\t\t<h2 class=\"elementor-heading-title elementor-size-default\">Certificate ISO 9001<\/h2>\t\t\t\t<\/div>\n\t\t\t\t<\/div>\n\t\t\t\t<\/div>\n\t\t\t\t\t<\/div>\n\t\t\t\t<\/div>\n\t\t<div class=\"elementor-element elementor-element-cb9943e e-flex e-con-boxed e-con e-parent\" data-id=\"cb9943e\" data-element_type=\"container\">\n\t\t\t\t\t<div class=\"e-con-inner\">\n\t\t\t\t<div class=\"elementor-element elementor-element-3a4a51f elementor-widget elementor-widget-gallery\" data-id=\"3a4a51f\" data-element_type=\"widget\" data-settings=\"{&quot;gallery_layout&quot;:&quot;masonry&quot;,&quot;columns&quot;:2,&quot;columns_tablet&quot;:2,&quot;columns_mobile&quot;:1,&quot;gap&quot;:{&quot;unit&quot;:&quot;px&quot;,&quot;size&quot;:10,&quot;sizes&quot;:[]},&quot;gap_tablet&quot;:{&quot;unit&quot;:&quot;px&quot;,&quot;size&quot;:10,&quot;sizes&quot;:[]},&quot;gap_mobile&quot;:{&quot;unit&quot;:&quot;px&quot;,&quot;size&quot;:10,&quot;sizes&quot;:[]},&quot;link_to&quot;:&quot;file&quot;,&quot;overlay_background&quot;:&quot;yes&quot;,&quot;content_hover_animation&quot;:&quot;fade-in&quot;}\" data-widget_type=\"gallery.default\">\n\t\t\t\t<div class=\"elementor-widget-container\">\n\t\t\t\t\t\t\t<div class=\"elementor-gallery__container\">\n\t\t\t\t\t\t\t<a class=\"e-gallery-item elementor-gallery-item elementor-animated-content\" href=\"https:\/\/www.intecker.com\/wp-content\/uploads\/2025\/03\/INTECKER-Certyfikat-9001-pl.jpg\" data-elementor-open-lightbox=\"yes\" data-elementor-lightbox-slideshow=\"3a4a51f\" data-e-action-hash=\"#elementor-action%3Aaction%3Dlightbox%26settings%3DeyJpZCI6MTc0OCwidXJsIjoiaHR0cHM6XC9cL3d3dy5pbnRlY2tlci5jb21cL3dwLWNvbnRlbnRcL3VwbG9hZHNcLzIwMjVcLzAzXC9JTlRFQ0tFUi1DZXJ0eWZpa2F0LTkwMDEtcGwuanBnIiwic2xpZGVzaG93IjoiM2E0YTUxZiJ9\">\n\t\t\t\t\t<div class=\"e-gallery-image elementor-gallery-item__image\" data-thumbnail=\"https:\/\/www.intecker.com\/wp-content\/uploads\/2025\/03\/INTECKER-Certyfikat-9001-pl-768x1086.jpg\" data-width=\"768\" data-height=\"1086\" aria-label role=\"img\"><\/div>\n\t\t\t\t\t\t\t\t\t\t\t<div class=\"elementor-gallery-item__overlay\"><\/div>\n\t\t\t\t\t\t\t\t\t\t\t\t\t\t<\/a>\n\t\t\t\t\t\t\t<a class=\"e-gallery-item elementor-gallery-item elementor-animated-content\" href=\"https:\/\/www.intecker.com\/wp-content\/uploads\/2025\/03\/INTECKER-Certyfikat-9001-en.jpg\" data-elementor-open-lightbox=\"yes\" data-elementor-lightbox-slideshow=\"3a4a51f\" data-e-action-hash=\"#elementor-action%3Aaction%3Dlightbox%26settings%3DeyJpZCI6MTc0NywidXJsIjoiaHR0cHM6XC9cL3d3dy5pbnRlY2tlci5jb21cL3dwLWNvbnRlbnRcL3VwbG9hZHNcLzIwMjVcLzAzXC9JTlRFQ0tFUi1DZXJ0eWZpa2F0LTkwMDEtZW4uanBnIiwic2xpZGVzaG93IjoiM2E0YTUxZiJ9\">\n\t\t\t\t\t<div class=\"e-gallery-image elementor-gallery-item__image\" data-thumbnail=\"https:\/\/www.intecker.com\/wp-content\/uploads\/2025\/03\/INTECKER-Certyfikat-9001-en-768x1086.jpg\" data-width=\"768\" data-height=\"1086\" aria-label role=\"img\"><\/div>\n\t\t\t\t\t\t\t\t\t\t\t<div class=\"elementor-gallery-item__overlay\"><\/div>\n\t\t\t\t\t\t\t\t\t\t\t\t\t\t<\/a>\n\t\t\t\t\t<\/div>\n\t\t\t\t\t<\/div>\n\t\t\t\t<\/div>\n\t\t\t\t\t<\/div>\n\t\t\t\t<\/div>\n\t\t\t\t<\/div>","protected":false},"excerpt":{"rendered":"<p>Polityka jako\u015bci Nasza firma, Intecker sp. z&nbsp;o. o., d\u0105\u017cy do zapewnienia najwy\u017cszej jako\u015bci us\u0142ug w&nbsp;zakresie instalacji maszyn, utrzymania ruchu oraz produkcji. Celem jest zadowolenie klient\u00f3w, uzyskanie wysokiej jako\u015bci przeprowadzonych prac oraz ci\u0105g\u0142e doskonalenie proces\u00f3w. Na pocz\u0105tku 2025 roku wdro\u017cyli\u015bmy uznawany na ca\u0142ym \u015bwiecie standard systemu zarz\u0105dzania jako\u015bci\u0105 ISO 9001. Zapewnia to naszym klientom [\u2026]<\/p>","protected":false},"author":2,"featured_media":0,"parent":0,"menu_order":2,"comment_status":"closed","ping_status":"closed","template":"elementor_header_footer","meta":{"wp_typography_post_enhancements_disabled":false,"slim_seo":{"title":"Polityka jako\u015bci - INTECKER","description":"Polityka jako\u015bci Nasza firma, Intecker sp. z o. o., d\u0105\u017cy do zapewnienia najwy\u017cszej jako\u015bci us\u0142ug w zakresie instalacji maszyn, utrzymania ruchu oraz produkcji."},"footnotes":""},"class_list":["post-1745","page","type-page","status-publish","hentry"],"_links":{"self":[{"href":"https:\/\/www.intecker.com\/en\/wp-json\/wp\/v2\/pages\/1745","targetHints":{"allow":["GET"]}}],"collection":[{"href":"https:\/\/www.intecker.com\/en\/wp-json\/wp\/v2\/pages"}],"about":[{"href":"https:\/\/www.intecker.com\/en\/wp-json\/wp\/v2\/types\/page"}],"author":[{"embeddable":true,"href":"https:\/\/www.intecker.com\/en\/wp-json\/wp\/v2\/users\/2"}],"replies":[{"embeddable":true,"href":"https:\/\/www.intecker.com\/en\/wp-json\/wp\/v2\/comments?post=1745"}],"version-history":[{"count":10,"href":"https:\/\/www.intecker.com\/en\/wp-json\/wp\/v2\/pages\/1745\/revisions"}],"predecessor-version":[{"id":1765,"href":"https:\/\/www.intecker.com\/en\/wp-json\/wp\/v2\/pages\/1745\/revisions\/1765"}],"wp:attachment":[{"href":"https:\/\/www.intecker.com\/en\/wp-json\/wp\/v2\/media?parent=1745"}],"curies":[{"name":"wp","href":"https:\/\/api.w.org\/{rel}","templated":true}]}}